{"id":15378,"date":"2023-03-14T23:56:04","date_gmt":"2023-03-14T22:56:04","guid":{"rendered":"https:\/\/www.pcsi2.net\/fabert\/?page_id=15378"},"modified":"2023-03-14T23:56:04","modified_gmt":"2023-03-14T22:56:04","slug":"outils-pour-etudiants-presses","status":"publish","type":"page","link":"https:\/\/www.pcsi2.net\/fabert\/outils-pour-etudiants-presses\/","title":{"rendered":"Outils pour \u00e9tudiants press\u00e9s"},"content":{"rendered":"<p style=\"margin-top: 30px;\">Ce contenu est r\u00e9serv\u00e9 aux \u00e9tudiants de PCSI2 du lyc\u00e9e Fabert de Metz<\/p>\n<p>\n<a href=\"https:\/\/www.prepas-fabert.com\" target=\"_blank\" rel=\"noopener\">CPGE du lyc\u00e9e Fabert -- METZ<\/a><br \/>\n<img class=\"alignnone wp-image-15633\" src=\"https:\/\/www.pcsi2.net\/fabert\/wp-content\/uploads\/2026\/03\/logo-2025-26-small.webp\" alt=\"\" width=\"100\" height=\"100\" \/><\/p>\n","protected":false},"excerpt":{"rendered":"<p>Ce contenu est r\u00e9serv\u00e9 aux \u00e9tudiants de PCSI2 du lyc\u00e9e Fabert de Metz CPGE du lyc\u00e9e Fabert &#8212; METZ<\/p>\n","protected":false},"author":1,"featured_media":0,"parent":0,"menu_order":0,"comment_status":"closed","ping_status":"closed","template":"","meta":{"footnotes":""},"class_list":["post-15378","page","type-page","status-publish","hentry","entry","has-media"],"yoast_head":"<!-- This site is optimized with the Yoast SEO plugin v27.3 - https:\/\/yoast.com\/product\/yoast-seo-wordpress\/ -->\n<title>Outils pour \u00e9tudiants press\u00e9s &#8211; PCSI2 du lyc\u00e9e Fabert (METZ)<\/title>\n<meta name=\"robots\" content=\"index, follow, max-snippet:-1, max-image-preview:large, max-video-preview:-1\" \/>\n<link rel=\"canonical\" href=\"https:\/\/www.pcsi2.net\/fabert\/outils-pour-etudiants-presses\/\" \/>\n<meta property=\"og:locale\" content=\"fr_FR\" \/>\n<meta property=\"og:type\" content=\"article\" \/>\n<meta property=\"og:title\" content=\"Outils pour \u00e9tudiants press\u00e9s &#8211; PCSI2 du lyc\u00e9e Fabert (METZ)\" \/>\n<meta property=\"og:description\" content=\"Ce contenu est r\u00e9serv\u00e9 aux \u00e9tudiants de PCSI2 du lyc\u00e9e Fabert de Metz CPGE du lyc\u00e9e Fabert -- METZ\" \/>\n<meta property=\"og:url\" content=\"https:\/\/www.pcsi2.net\/fabert\/outils-pour-etudiants-presses\/\" \/>\n<meta property=\"og:site_name\" content=\"PCSI2 du lyc\u00e9e Fabert (METZ)\" \/>\n<meta property=\"article:publisher\" content=\"https:\/\/www.facebook.com\/cpgefabert\/\" \/>\n<meta name=\"twitter:card\" content=\"summary_large_image\" \/>\n<meta name=\"twitter:site\" content=\"@CPGEFabert\" \/>\n<script type=\"application\/ld+json\" class=\"yoast-schema-graph\">{\"@context\":\"https:\\\/\\\/schema.org\",\"@graph\":[{\"@type\":\"WebPage\",\"@id\":\"https:\\\/\\\/www.pcsi2.net\\\/fabert\\\/outils-pour-etudiants-presses\\\/\",\"url\":\"https:\\\/\\\/www.pcsi2.net\\\/fabert\\\/outils-pour-etudiants-presses\\\/\",\"name\":\"Outils pour \u00e9tudiants press\u00e9s &#8211; PCSI2 du lyc\u00e9e Fabert (METZ)\",\"isPartOf\":{\"@id\":\"https:\\\/\\\/www.pcsi2.net\\\/fabert\\\/#website\"},\"datePublished\":\"2023-03-14T22:56:04+00:00\",\"breadcrumb\":{\"@id\":\"https:\\\/\\\/www.pcsi2.net\\\/fabert\\\/outils-pour-etudiants-presses\\\/#breadcrumb\"},\"inLanguage\":\"fr-FR\",\"potentialAction\":[{\"@type\":\"ReadAction\",\"target\":[\"https:\\\/\\\/www.pcsi2.net\\\/fabert\\\/outils-pour-etudiants-presses\\\/\"]}]},{\"@type\":\"BreadcrumbList\",\"@id\":\"https:\\\/\\\/www.pcsi2.net\\\/fabert\\\/outils-pour-etudiants-presses\\\/#breadcrumb\",\"itemListElement\":[{\"@type\":\"ListItem\",\"position\":1,\"name\":\"Accueil\",\"item\":\"https:\\\/\\\/www.pcsi2.net\\\/fabert\\\/\"},{\"@type\":\"ListItem\",\"position\":2,\"name\":\"Outils pour \u00e9tudiants press\u00e9s\"}]},{\"@type\":\"WebSite\",\"@id\":\"https:\\\/\\\/www.pcsi2.net\\\/fabert\\\/#website\",\"url\":\"https:\\\/\\\/www.pcsi2.net\\\/fabert\\\/\",\"name\":\"PCSI2 du lyc\u00e9e Fabert (METZ)\",\"description\":\"Classe Pr\u00e9paratoire aux Grandes Ecoles dynamique en Grand Est\",\"publisher\":{\"@id\":\"https:\\\/\\\/www.pcsi2.net\\\/fabert\\\/#organization\"},\"potentialAction\":[{\"@type\":\"SearchAction\",\"target\":{\"@type\":\"EntryPoint\",\"urlTemplate\":\"https:\\\/\\\/www.pcsi2.net\\\/fabert\\\/?s={search_term_string}\"},\"query-input\":{\"@type\":\"PropertyValueSpecification\",\"valueRequired\":true,\"valueName\":\"search_term_string\"}}],\"inLanguage\":\"fr-FR\"},{\"@type\":\"Organization\",\"@id\":\"https:\\\/\\\/www.pcsi2.net\\\/fabert\\\/#organization\",\"name\":\"PCSI2 du lyc\u00e9e Fabert (METZ)\",\"url\":\"https:\\\/\\\/www.pcsi2.net\\\/fabert\\\/\",\"logo\":{\"@type\":\"ImageObject\",\"inLanguage\":\"fr-FR\",\"@id\":\"https:\\\/\\\/www.pcsi2.net\\\/fabert\\\/#\\\/schema\\\/logo\\\/image\\\/\",\"url\":\"https:\\\/\\\/www.pcsi2.net\\\/fabert\\\/wp-content\\\/uploads\\\/2023\\\/10\\\/logo-pcsi2-23-24-2.png\",\"contentUrl\":\"https:\\\/\\\/www.pcsi2.net\\\/fabert\\\/wp-content\\\/uploads\\\/2023\\\/10\\\/logo-pcsi2-23-24-2.png\",\"width\":1420,\"height\":210,\"caption\":\"PCSI2 du lyc\u00e9e Fabert (METZ)\"},\"image\":{\"@id\":\"https:\\\/\\\/www.pcsi2.net\\\/fabert\\\/#\\\/schema\\\/logo\\\/image\\\/\"},\"sameAs\":[\"https:\\\/\\\/www.facebook.com\\\/cpgefabert\\\/\",\"https:\\\/\\\/x.com\\\/CPGEFabert\",\"https:\\\/\\\/www.linkedin.com\\\/in\\\/laurent-parise-196a8b180\\\/\",\"https:\\\/\\\/www.youtube.com\\\/user\\\/CPGEfabert\"]}]}<\/script>\n<!-- \/ Yoast SEO plugin. -->","yoast_head_json":{"title":"Outils pour \u00e9tudiants press\u00e9s &#8211; PCSI2 du lyc\u00e9e Fabert (METZ)","robots":{"index":"index","follow":"follow","max-snippet":"max-snippet:-1","max-image-preview":"max-image-preview:large","max-video-preview":"max-video-preview:-1"},"canonical":"https:\/\/www.pcsi2.net\/fabert\/outils-pour-etudiants-presses\/","og_locale":"fr_FR","og_type":"article","og_title":"Outils pour \u00e9tudiants press\u00e9s &#8211; PCSI2 du lyc\u00e9e Fabert (METZ)","og_description":"Ce contenu est r\u00e9serv\u00e9 aux \u00e9tudiants de PCSI2 du lyc\u00e9e Fabert de Metz CPGE du lyc\u00e9e Fabert -- METZ","og_url":"https:\/\/www.pcsi2.net\/fabert\/outils-pour-etudiants-presses\/","og_site_name":"PCSI2 du lyc\u00e9e Fabert (METZ)","article_publisher":"https:\/\/www.facebook.com\/cpgefabert\/","twitter_card":"summary_large_image","twitter_site":"@CPGEFabert","schema":{"@context":"https:\/\/schema.org","@graph":[{"@type":"WebPage","@id":"https:\/\/www.pcsi2.net\/fabert\/outils-pour-etudiants-presses\/","url":"https:\/\/www.pcsi2.net\/fabert\/outils-pour-etudiants-presses\/","name":"Outils pour \u00e9tudiants press\u00e9s &#8211; PCSI2 du lyc\u00e9e Fabert (METZ)","isPartOf":{"@id":"https:\/\/www.pcsi2.net\/fabert\/#website"},"datePublished":"2023-03-14T22:56:04+00:00","breadcrumb":{"@id":"https:\/\/www.pcsi2.net\/fabert\/outils-pour-etudiants-presses\/#breadcrumb"},"inLanguage":"fr-FR","potentialAction":[{"@type":"ReadAction","target":["https:\/\/www.pcsi2.net\/fabert\/outils-pour-etudiants-presses\/"]}]},{"@type":"BreadcrumbList","@id":"https:\/\/www.pcsi2.net\/fabert\/outils-pour-etudiants-presses\/#breadcrumb","itemListElement":[{"@type":"ListItem","position":1,"name":"Accueil","item":"https:\/\/www.pcsi2.net\/fabert\/"},{"@type":"ListItem","position":2,"name":"Outils pour \u00e9tudiants press\u00e9s"}]},{"@type":"WebSite","@id":"https:\/\/www.pcsi2.net\/fabert\/#website","url":"https:\/\/www.pcsi2.net\/fabert\/","name":"PCSI2 du lyc\u00e9e Fabert (METZ)","description":"Classe Pr\u00e9paratoire aux Grandes Ecoles dynamique en Grand Est","publisher":{"@id":"https:\/\/www.pcsi2.net\/fabert\/#organization"},"potentialAction":[{"@type":"SearchAction","target":{"@type":"EntryPoint","urlTemplate":"https:\/\/www.pcsi2.net\/fabert\/?s={search_term_string}"},"query-input":{"@type":"PropertyValueSpecification","valueRequired":true,"valueName":"search_term_string"}}],"inLanguage":"fr-FR"},{"@type":"Organization","@id":"https:\/\/www.pcsi2.net\/fabert\/#organization","name":"PCSI2 du lyc\u00e9e Fabert (METZ)","url":"https:\/\/www.pcsi2.net\/fabert\/","logo":{"@type":"ImageObject","inLanguage":"fr-FR","@id":"https:\/\/www.pcsi2.net\/fabert\/#\/schema\/logo\/image\/","url":"https:\/\/www.pcsi2.net\/fabert\/wp-content\/uploads\/2023\/10\/logo-pcsi2-23-24-2.png","contentUrl":"https:\/\/www.pcsi2.net\/fabert\/wp-content\/uploads\/2023\/10\/logo-pcsi2-23-24-2.png","width":1420,"height":210,"caption":"PCSI2 du lyc\u00e9e Fabert (METZ)"},"image":{"@id":"https:\/\/www.pcsi2.net\/fabert\/#\/schema\/logo\/image\/"},"sameAs":["https:\/\/www.facebook.com\/cpgefabert\/","https:\/\/x.com\/CPGEFabert","https:\/\/www.linkedin.com\/in\/laurent-parise-196a8b180\/","https:\/\/www.youtube.com\/user\/CPGEfabert"]}]}},"_links":{"self":[{"href":"https:\/\/www.pcsi2.net\/fabert\/wp-json\/wp\/v2\/pages\/15378","targetHints":{"allow":["GET"]}}],"collection":[{"href":"https:\/\/www.pcsi2.net\/fabert\/wp-json\/wp\/v2\/pages"}],"about":[{"href":"https:\/\/www.pcsi2.net\/fabert\/wp-json\/wp\/v2\/types\/page"}],"author":[{"embeddable":true,"href":"https:\/\/www.pcsi2.net\/fabert\/wp-json\/wp\/v2\/users\/1"}],"replies":[{"embeddable":true,"href":"https:\/\/www.pcsi2.net\/fabert\/wp-json\/wp\/v2\/comments?post=15378"}],"version-history":[{"count":2,"href":"https:\/\/www.pcsi2.net\/fabert\/wp-json\/wp\/v2\/pages\/15378\/revisions"}],"predecessor-version":[{"id":15380,"href":"https:\/\/www.pcsi2.net\/fabert\/wp-json\/wp\/v2\/pages\/15378\/revisions\/15380"}],"wp:attachment":[{"href":"https:\/\/www.pcsi2.net\/fabert\/wp-json\/wp\/v2\/media?parent=15378"}],"curies":[{"name":"wp","href":"https:\/\/api.w.org\/{rel}","templated":true}]}}